{"id":8,"date":"2024-06-29T15:16:26","date_gmt":"2024-06-29T13:16:26","guid":{"rendered":"https:\/\/hairstylepodium.com\/?page_id=8"},"modified":"2024-07-11T18:24:44","modified_gmt":"2024-07-11T16:24:44","slug":"coiffeuse-mariage-formatrice-coiffure","status":"publish","type":"page","link":"https:\/\/hairstylepodium.com\/","title":{"rendered":"Coiffeuse mariage &#8211; Formatrice coiffure"},"content":{"rendered":"<p>[et_pb_section fb_built=\u00a0\u00bb1&Prime; admin_label=\u00a0\u00bbMariage \u00a0\u00bb module_id=\u00a0\u00bbmariage\u00a0\u00bb _builder_version=\u00a0\u00bb4.26.0&Prime; _module_preset=\u00a0\u00bbdefault\u00a0\u00bb custom_padding=\u00a0\u00bb0px||5px|||\u00a0\u00bb collapsed=\u00a0\u00bbon\u00a0\u00bb global_colors_info=\u00a0\u00bb{}\u00a0\u00bb][et_pb_row _builder_version=\u00a0\u00bb4.25.2&Prime; _module_preset=\u00a0\u00bbdefault\u00a0\u00bb global_colors_info=\u00a0\u00bb{}\u00a0\u00bb][et_pb_column type=\u00a0\u00bb4_4&Prime; _builder_version=\u00a0\u00bb4.25.2&Prime; _module_preset=\u00a0\u00bbdefault\u00a0\u00bb global_colors_info=\u00a0\u00bb{}\u00a0\u00bb][et_pb_text _builder_version=\u00a0\u00bb4.26.0&Prime; _module_preset=\u00a0\u00bbdefault\u00a0\u00bb global_colors_info=\u00a0\u00bb{}\u00a0\u00bb]<\/p>\n<h1>Coiffeuse Mariage : L\u2019excellence de la coiffure \u00e0 votre mariage<\/h1>\n<h3>Vous avez envie de vivre un mariage inoubliable ? Votre coiffure le sera avec Johanna De La Llave Ferreres, triple championne du monde de coiffure 2022.<\/h3>\n<p>[\/et_pb_text][\/et_pb_column][\/et_pb_row][et_pb_row column_structure=\u00a0\u00bb1_2,1_2&Prime; _builder_version=\u00a0\u00bb4.25.2&Prime; _module_preset=\u00a0\u00bbdefault\u00a0\u00bb global_colors_info=\u00a0\u00bb{}\u00a0\u00bb][et_pb_column type=\u00a0\u00bb1_2&Prime; _builder_version=\u00a0\u00bb4.25.2&Prime; _module_preset=\u00a0\u00bbdefault\u00a0\u00bb global_colors_info=\u00a0\u00bb{}\u00a0\u00bb][et_pb_image src=\u00a0\u00bbhttps:\/\/hairstylepodium.com\/wp-content\/uploads\/2024\/07\/Coiffeuse-mariage-WA0002.jpg\u00a0\u00bb alt=\u00a0\u00bbcoiffeuse mariage La Rochelle \u00a0\u00bb title_text=\u00a0\u00bbCoiffeuse-mariage-WA0002&Prime; _builder_version=\u00a0\u00bb4.25.2&Prime; _module_preset=\u00a0\u00bbdefault\u00a0\u00bb filter_saturate=\u00a0\u00bb0%\u00a0\u00bb mix_blend_mode=\u00a0\u00bblighten\u00a0\u00bb global_colors_info=\u00a0\u00bb{}\u00a0\u00bb][\/et_pb_image][\/et_pb_column][et_pb_column type=\u00a0\u00bb1_2&Prime; _builder_version=\u00a0\u00bb4.25.2&Prime; _module_preset=\u00a0\u00bbdefault\u00a0\u00bb global_colors_info=\u00a0\u00bb{}\u00a0\u00bb][et_pb_text _builder_version=\u00a0\u00bb4.25.2&Prime; _module_preset=\u00a0\u00bbdefault\u00a0\u00bb custom_padding=\u00a0\u00bb||2px|||\u00a0\u00bb global_colors_info=\u00a0\u00bb{}\u00a0\u00bb]<\/p>\n<h2>Une coiffeuse talentueuse pour r\u00e9aliser votre coiffure de mariage<\/h2>\n<p>Faire confiance \u00e0 Johanna pour votre coiffure de mariage, c\u2019est choisir une jeune coiffeuse cr\u00e9ative et talentueuse, habitu\u00e9e aux exigences du haut niveau de la coiffure fran\u00e7aise.<\/p>\n<p>&nbsp;<\/p>\n<h2>Les pr\u00e9paratifs de la mari\u00e9e : un moment exceptionnel<\/h2>\n<p>Les pr\u00e9paratifs de la mari\u00e9e sont un moment intime et pr\u00e9cieux pour elle et ses proches. Restez dans l\u2019intimit\u00e9 de votre domicile ou du lieu de votre choix pour votre habillage. Transformez ce moment privil\u00e9gi\u00e9 entre femmes en un temps fort et m\u00e9morable avant la c\u00e9r\u00e9monie.<\/p>\n<p>&nbsp;<\/p>\n<h2>Le jour de votre mariage, simplifiez-vous la vie<\/h2>\n<p>Le jour de votre mariage, votre temps est pr\u00e9cieux. Simplifiez-vous la vie en \u00e9vitant les d\u00e9placements gr\u00e2ce \u00e0 la prestation de coiffure \u00e0 domicile de Johanna. En plus de votre coiffure, vous pouvez faire coiffer plusieurs personnes, comme votre m\u00e8re, vos demoiselles d\u2019honneur, et les enfants. Vous serez ainsi pr\u00eates \u00e0 l\u2019heure, coiff\u00e9es et habill\u00e9es, pour profiter pleinement de votre journ\u00e9e.<\/p>\n<p>&nbsp;<\/p>\n<p>[\/et_pb_text][\/et_pb_column][\/et_pb_row][et_pb_row column_structure=\u00a0\u00bb1_2,1_2&Prime; _builder_version=\u00a0\u00bb4.25.2&Prime; _module_preset=\u00a0\u00bbdefault\u00a0\u00bb global_colors_info=\u00a0\u00bb{}\u00a0\u00bb][et_pb_column type=\u00a0\u00bb1_2&Prime; _builder_version=\u00a0\u00bb4.25.2&Prime; _module_preset=\u00a0\u00bbdefault\u00a0\u00bb global_colors_info=\u00a0\u00bb{}\u00a0\u00bb][et_pb_image src=\u00a0\u00bbhttps:\/\/hairstylepodium.com\/wp-content\/uploads\/2024\/07\/coiffeuse-mariage-WA0009.jpg\u00a0\u00bb alt=\u00a0\u00bbCoiffeuse mariage France \u00a0\u00bb title_text=\u00a0\u00bbcoiffeuse-mariage-WA0009&Prime; _builder_version=\u00a0\u00bb4.25.2&Prime; _module_preset=\u00a0\u00bbdefault\u00a0\u00bb filter_saturate=\u00a0\u00bb0%\u00a0\u00bb global_colors_info=\u00a0\u00bb{}\u00a0\u00bb][\/et_pb_image][\/et_pb_column][et_pb_column type=\u00a0\u00bb1_2&Prime; _builder_version=\u00a0\u00bb4.25.2&Prime; _module_preset=\u00a0\u00bbdefault\u00a0\u00bb global_colors_info=\u00a0\u00bb{}\u00a0\u00bb][et_pb_image src=\u00a0\u00bbhttps:\/\/hairstylepodium.com\/wp-content\/uploads\/2024\/07\/coiffeuse-mariage-WA0011.jpg\u00a0\u00bb alt=\u00a0\u00bbcoiffeuse mariage La Rochelle<br \/>\n\u00a0\u00bb title_text=\u00a0\u00bbcoiffeuse-mariage-WA0011&Prime; _builder_version=\u00a0\u00bb4.25.2&Prime; _module_preset=\u00a0\u00bbdefault\u00a0\u00bb filter_saturate=\u00a0\u00bb0%\u00a0\u00bb global_colors_info=\u00a0\u00bb{}\u00a0\u00bb][\/et_pb_image][\/et_pb_column][\/et_pb_row][et_pb_row _builder_version=\u00a0\u00bb4.25.2&Prime; _module_preset=\u00a0\u00bbdefault\u00a0\u00bb global_colors_info=\u00a0\u00bb{}\u00a0\u00bb][et_pb_column type=\u00a0\u00bb4_4&Prime; _builder_version=\u00a0\u00bb4.25.2&Prime; _module_preset=\u00a0\u00bbdefault\u00a0\u00bb global_colors_info=\u00a0\u00bb{}\u00a0\u00bb][et_pb_text _builder_version=\u00a0\u00bb4.26.0&Prime; _module_preset=\u00a0\u00bbdefault\u00a0\u00bb global_colors_info=\u00a0\u00bb{}\u00a0\u00bb]<\/p>\n<h2>Coiffure de la mari\u00e9e<\/h2>\n<h3>Une coiffure exceptionnelle pour une journ\u00e9e inoubliable<\/h3>\n<p>Johanna De La Llave-Ferreres se d\u00e9place sp\u00e9cialement pour vous coiffer le jour de votre mariage, assurant une prestation sur mesure en fonction de votre type de cheveux et de vos envies. Que vous souhaitiez un chignon \u00e9l\u00e9gant sur cheveux longs, l\u2019ajout de m\u00e8ches ou d\u2019extensions pour plus de volume, ou encore une coiffure romantique et d\u00e9contract\u00e9e, Johanna saura cr\u00e9er la coiffure parfaite qui vous sublimera pour cette journ\u00e9e unique.<\/p>\n<h3>Harmoniser les coiffures : la mari\u00e9e et ses demoiselles d\u2019honneur<\/h3>\n<p>En plus de la coiffure de la mari\u00e9e, Johanna propose de coiffer \u00e9galement vos proches, notamment les demoiselles d\u2019honneur et les membres de votre famille. Elle peut harmoniser les coiffures pour cr\u00e9er une esth\u00e9tique coh\u00e9rente et \u00e9l\u00e9gante. Par exemple, elle peut int\u00e9grer des \u00e9l\u00e9ments de la coiffure de la mari\u00e9e dans celles des demoiselles d\u2019honneur, cr\u00e9ant ainsi un effet visuel spectaculaire et coordonn\u00e9 qui garantira un effet \u00ab Waouh \u00bb aupr\u00e8s de tous vos invit\u00e9s.<\/p>\n<h3>Les frais de d\u00e9placement offert\u00a0<\/h3>\n<p>\u00c0 partir de 4 coifures command\u00e9es les frais de d\u00e9placement \u00a0sont offert. Le d\u00e9placement est calcul\u00e9 au d\u00e9part du Vergeroux en Charente-Maritime, le co\u00fbt au kilom\u00e8tre est de 0,25 \u20ac.<\/p>\n<p>[\/et_pb_text][\/et_pb_column][\/et_pb_row][et_pb_row admin_label=\u00a0\u00bbMessage\u00a0\u00bb _builder_version=\u00a0\u00bb4.25.2&Prime; _module_preset=\u00a0\u00bbdefault\u00a0\u00bb global_colors_info=\u00a0\u00bb{}\u00a0\u00bb][et_pb_column type=\u00a0\u00bb4_4&Prime; _builder_version=\u00a0\u00bb4.25.2&Prime; _module_preset=\u00a0\u00bbdefault\u00a0\u00bb global_colors_info=\u00a0\u00bb{}\u00a0\u00bb][et_pb_cta title=\u00a0\u00bbContacter Johanna \u00a0\u00bb button_url=\u00a0\u00bbsms:+33678752430&Prime; button_text=\u00a0\u00bbmessage\u00a0\u00bb _builder_version=\u00a0\u00bb4.25.2&Prime; _module_preset=\u00a0\u00bbdefault\u00a0\u00bb background_color=\u00a0\u00bb#999999&Prime; global_colors_info=\u00a0\u00bb{}\u00a0\u00bb][\/et_pb_cta][\/et_pb_column][\/et_pb_row][et_pb_row column_structure=\u00a0\u00bb1_2,1_2&Prime; _builder_version=\u00a0\u00bb4.25.2&Prime; _module_preset=\u00a0\u00bbdefault\u00a0\u00bb global_colors_info=\u00a0\u00bb{}\u00a0\u00bb][et_pb_column type=\u00a0\u00bb1_2&Prime; _builder_version=\u00a0\u00bb4.25.2&Prime; _module_preset=\u00a0\u00bbdefault\u00a0\u00bb global_colors_info=\u00a0\u00bb{}\u00a0\u00bb][et_pb_image src=\u00a0\u00bbhttps:\/\/hairstylepodium.com\/wp-content\/uploads\/2024\/07\/Hairstylepodium-8.jpg\u00a0\u00bb alt=\u00a0\u00bbJohanna De La Llave Fererres triple championne du monde de coiffure\u00a0\u00bb title_text=\u00a0\u00bbHairstylepodium-8&Prime; _builder_version=\u00a0\u00bb4.25.2&Prime; _module_preset=\u00a0\u00bbdefault\u00a0\u00bb global_colors_info=\u00a0\u00bb{}\u00a0\u00bb][\/et_pb_image][\/et_pb_column][et_pb_column type=\u00a0\u00bb1_2&Prime; _builder_version=\u00a0\u00bb4.25.2&Prime; _module_preset=\u00a0\u00bbdefault\u00a0\u00bb global_colors_info=\u00a0\u00bb{}\u00a0\u00bb][et_pb_text _builder_version=\u00a0\u00bb4.25.2&Prime; _module_preset=\u00a0\u00bbdefault\u00a0\u00bb global_colors_info=\u00a0\u00bb{}\u00a0\u00bb]<\/p>\n<h2>Johanna De La Llave Ferreres, Triple Championne du Monde de Coiffure<\/h2>\n<p>Johanna De La Llave-Ferreres est une figure embl\u00e9matique du monde de la coiffure, ayant remport\u00e9 trois titres de Championne du Monde de Coiffure. Membre de l\u2019\u00e9quipe de France de coiffure pendant plusieurs ann\u00e9es, Johanna a particip\u00e9 \u00e0 de nombreuses comp\u00e9titions internationales o\u00f9 elle a d\u00e9montr\u00e9 son talent exceptionnel et son expertise technique.\u00a0<\/p>\n<p>Son parcours au sein de l\u2019\u00e9quipe de France lui a permis de perfectionner ses comp\u00e9tences et de rester \u00e0 la pointe des derni\u00e8res tendances et techniques de coiffure. Chaque comp\u00e9tition a \u00e9t\u00e9 une occasion pour Johanna de repousser les limites de son art, en pr\u00e9sentant des coiffures innovantes et cr\u00e9atives qui ont impressionn\u00e9 les experts du domaine.<\/p>\n<p>Les titres de Championne du Monde de Johanna sont le reflet de son d\u00e9vouement, de sa passion et de son engagement envers la coiffure. Ces distinctions t\u00e9moignent de son haut niveau de comp\u00e9tence et de sa capacit\u00e9 \u00e0 cr\u00e9er des coiffures qui allient beaut\u00e9, originalit\u00e9 et perfection technique. Gr\u00e2ce \u00e0 son exp\u00e9rience et \u00e0 ses succ\u00e8s, Johanna est devenue une r\u00e9f\u00e9rence incontournable pour celles et ceux qui recherchent une coiffure d\u2019exception pour des occasions sp\u00e9ciales.<\/p>\n<p>[\/et_pb_text][\/et_pb_column][\/et_pb_row][et_pb_row column_structure=\u00a0\u00bb1_3,1_3,1_3&Prime; _builder_version=\u00a0\u00bb4.25.2&Prime; _module_preset=\u00a0\u00bbdefault\u00a0\u00bb width=\u00a0\u00bb100%\u00a0\u00bb width_tablet=\u00a0\u00bb100%\u00a0\u00bb width_phone=\u00a0\u00bb80%\u00a0\u00bb width_last_edited=\u00a0\u00bbon|phone\u00a0\u00bb module_alignment=\u00a0\u00bbcenter\u00a0\u00bb global_colors_info=\u00a0\u00bb{}\u00a0\u00bb][et_pb_column type=\u00a0\u00bb1_3&Prime; _builder_version=\u00a0\u00bb4.25.2&Prime; _module_preset=\u00a0\u00bbdefault\u00a0\u00bb global_colors_info=\u00a0\u00bb{}\u00a0\u00bb][et_pb_image src=\u00a0\u00bbhttps:\/\/hairstylepodium.com\/wp-content\/uploads\/2024\/07\/Coiffure-competition-WA0142.jpg\u00a0\u00bb alt=\u00a0\u00bbcoiffure \u00e9quipe de France\u00a0\u00bb title_text=\u00a0\u00bbCoiffure-comp\u00e9tition-WA0142&Prime; _builder_version=\u00a0\u00bb4.25.2&Prime; _module_preset=\u00a0\u00bbdefault\u00a0\u00bb filter_saturate=\u00a0\u00bb0%\u00a0\u00bb global_colors_info=\u00a0\u00bb{}\u00a0\u00bb][\/et_pb_image][\/et_pb_column][et_pb_column type=\u00a0\u00bb1_3&Prime; _builder_version=\u00a0\u00bb4.25.2&Prime; _module_preset=\u00a0\u00bbdefault\u00a0\u00bb global_colors_info=\u00a0\u00bb{}\u00a0\u00bb][et_pb_image src=\u00a0\u00bbhttps:\/\/hairstylepodium.com\/wp-content\/uploads\/2024\/07\/hairstyle-podium.jpeg\u00a0\u00bb title_text=\u00a0\u00bbhairstyle-podium\u00a0\u00bb _builder_version=\u00a0\u00bb4.25.2&Prime; _module_preset=\u00a0\u00bbdefault\u00a0\u00bb filter_saturate=\u00a0\u00bb0%\u00a0\u00bb global_colors_info=\u00a0\u00bb{}\u00a0\u00bb][\/et_pb_image][\/et_pb_column][et_pb_column type=\u00a0\u00bb1_3&Prime; _builder_version=\u00a0\u00bb4.25.2&Prime; _module_preset=\u00a0\u00bbdefault\u00a0\u00bb global_colors_info=\u00a0\u00bb{}\u00a0\u00bb][et_pb_image src=\u00a0\u00bbhttps:\/\/hairstylepodium.com\/wp-content\/uploads\/2024\/07\/Coiffure-competition-WA0144.jpg\u00a0\u00bb alt=\u00a0\u00bbcoiffure comp\u00e9tition mondiale\u00a0\u00bb title_text=\u00a0\u00bbCoiffure-comp\u00e9tition-WA0144&Prime; _builder_version=\u00a0\u00bb4.25.2&Prime; _module_preset=\u00a0\u00bbdefault\u00a0\u00bb filter_saturate=\u00a0\u00bb0%\u00a0\u00bb global_colors_info=\u00a0\u00bb{}\u00a0\u00bb][\/et_pb_image][\/et_pb_column][\/et_pb_row][\/et_pb_section][et_pb_section fb_built=\u00a0\u00bb1&Prime; admin_label=\u00a0\u00bbFormation\u00a0\u00bb module_id=\u00a0\u00bbformation\u00a0\u00bb _builder_version=\u00a0\u00bb4.26.0&Prime; _module_preset=\u00a0\u00bbdefault\u00a0\u00bb custom_padding=\u00a0\u00bb0px||0px||false|false\u00a0\u00bb collapsed=\u00a0\u00bboff\u00a0\u00bb global_colors_info=\u00a0\u00bb{}\u00a0\u00bb][et_pb_row column_structure=\u00a0\u00bb1_2,1_2&Prime; _builder_version=\u00a0\u00bb4.25.2&Prime; _module_preset=\u00a0\u00bbdefault\u00a0\u00bb global_colors_info=\u00a0\u00bb{}\u00a0\u00bb][et_pb_column type=\u00a0\u00bb1_2&Prime; _builder_version=\u00a0\u00bb4.25.2&Prime; _module_preset=\u00a0\u00bbdefault\u00a0\u00bb global_colors_info=\u00a0\u00bb{}\u00a0\u00bb][et_pb_image src=\u00a0\u00bbhttps:\/\/hairstylepodium.com\/wp-content\/uploads\/2024\/07\/Hairstylepodium-7.jpg\u00a0\u00bb title_text=\u00a0\u00bbHairstylepodium-7&Prime; _builder_version=\u00a0\u00bb4.25.2&Prime; _module_preset=\u00a0\u00bbdefault\u00a0\u00bb global_colors_info=\u00a0\u00bb{}\u00a0\u00bb][\/et_pb_image][\/et_pb_column][et_pb_column type=\u00a0\u00bb1_2&Prime; _builder_version=\u00a0\u00bb4.25.2&Prime; _module_preset=\u00a0\u00bbdefault\u00a0\u00bb global_colors_info=\u00a0\u00bb{}\u00a0\u00bb][et_pb_text _builder_version=\u00a0\u00bb4.25.2&Prime; _module_preset=\u00a0\u00bbdefault\u00a0\u00bb global_colors_info=\u00a0\u00bb{}\u00a0\u00bb]<\/p>\n<h2>Coiffure : Formation &amp; stage<\/h2>\n<p>Johanna propose diverses interventions dans le domaine de la coiffure. Elle partage son expertise en intervenant dans les centres de formation, les \u00e9coles de coiffure et les salons de coiffure, o\u00f9 elle forme les futurs professionnels aux techniques avanc\u00e9es de la coiffure. En tant que sp\u00e9cialiste de la coiffure de mariage et d\u2019\u00e9v\u00e9nements, Johanna cr\u00e9e des coiffures \u00e9l\u00e9gantes et sophistiqu\u00e9es, adapt\u00e9es aux attentes des mari\u00e9es et aux exigences des grandes occasions. De plus, elle pr\u00e9pare et entra\u00eene des candidats pour des concours de coiffure, leur offrant son exp\u00e9rience et ses conseils pour exceller dans ces comp\u00e9titions prestigieuses.<\/p>\n<p>&nbsp;<\/p>\n<p>[\/et_pb_text][\/et_pb_column][\/et_pb_row][\/et_pb_section][et_pb_section fb_built=\u00a0\u00bb1&Prime; theme_builder_area=\u00a0\u00bbpost_content\u00a0\u00bb _builder_version=\u00a0\u00bb4.26.0&Prime; _module_preset=\u00a0\u00bbdefault\u00a0\u00bb][et_pb_row _builder_version=\u00a0\u00bb4.26.0&Prime; _module_preset=\u00a0\u00bbdefault\u00a0\u00bb theme_builder_area=\u00a0\u00bbpost_content\u00a0\u00bb][et_pb_column _builder_version=\u00a0\u00bb4.26.0&Prime; _module_preset=\u00a0\u00bbdefault\u00a0\u00bb type=\u00a0\u00bb4_4&Prime; theme_builder_area=\u00a0\u00bbpost_content\u00a0\u00bb][et_pb_cta _builder_version=\u00a0\u00bb4.26.0&Prime; _module_preset=\u00a0\u00bbdefault\u00a0\u00bb theme_builder_area=\u00a0\u00bbpost_content\u00a0\u00bb title=\u00a0\u00bbDemande de devis par mail\u00a0\u00bb button_text=\u00a0\u00bbDEVIS\u00a0\u00bb button_url=\u00a0\u00bb@ET-DC@eyJkeW5hbWljIjp0cnVlLCJjb250ZW50IjoicG9zdF9saW5rX3VybF9wYWdlIiwic2V0dGluZ3MiOnsicG9zdF9pZCI6Ijk3In19@\u00a0\u00bb _dynamic_attributes=\u00a0\u00bblink_option_url,button_url\u00a0\u00bb link_option_url=\u00a0\u00bb@ET-DC@eyJkeW5hbWljIjp0cnVlLCJjb250ZW50IjoicG9zdF9saW5rX3VybF9wYWdlIiwic2V0dGluZ3MiOnsicG9zdF9pZCI6Ijk3In19@\u00a0\u00bb sticky_enabled=\u00a0\u00bb0&Prime; background_color=\u00a0\u00bb#999999&Prime;][\/et_pb_cta][\/et_pb_column][\/et_pb_row][\/et_pb_section][et_pb_section fb_built=\u00a0\u00bb1&Prime; admin_label=\u00a0\u00bbPodium d\u00e9fil\u00e9 cin\u00e9ma spectacle\u00a0\u00bb module_id=\u00a0\u00bbpodium\u00a0\u00bb _builder_version=\u00a0\u00bb4.26.0&Prime; _module_preset=\u00a0\u00bbdefault\u00a0\u00bb custom_padding=\u00a0\u00bb3px|||||\u00a0\u00bb collapsed=\u00a0\u00bbon\u00a0\u00bb global_colors_info=\u00a0\u00bb{}\u00a0\u00bb][et_pb_row column_structure=\u00a0\u00bb1_2,1_2&Prime; _builder_version=\u00a0\u00bb4.25.2&Prime; _module_preset=\u00a0\u00bbdefault\u00a0\u00bb global_colors_info=\u00a0\u00bb{}\u00a0\u00bb][et_pb_column type=\u00a0\u00bb1_2&Prime; _builder_version=\u00a0\u00bb4.25.2&Prime; _module_preset=\u00a0\u00bbdefault\u00a0\u00bb global_colors_info=\u00a0\u00bb{}\u00a0\u00bb][et_pb_image src=\u00a0\u00bbhttps:\/\/hairstylepodium.com\/wp-content\/uploads\/2024\/07\/Hairstylepodium-9.jpg\u00a0\u00bb alt=\u00a0\u00bbJohanna \u00a0\u00bb title_text=\u00a0\u00bbHairstylepodium-9&Prime; _builder_version=\u00a0\u00bb4.25.2&Prime; _module_preset=\u00a0\u00bbdefault\u00a0\u00bb global_colors_info=\u00a0\u00bb{}\u00a0\u00bb][\/et_pb_image][\/et_pb_column][et_pb_column type=\u00a0\u00bb1_2&Prime; _builder_version=\u00a0\u00bb4.25.2&Prime; _module_preset=\u00a0\u00bbdefault\u00a0\u00bb global_colors_info=\u00a0\u00bb{}\u00a0\u00bb][et_pb_text _builder_version=\u00a0\u00bb4.26.0&Prime; _module_preset=\u00a0\u00bbdefault\u00a0\u00bb global_colors_info=\u00a0\u00bb{}\u00a0\u00bb]<\/p>\n<h2>D\u00e9fil\u00e9 &#8211; Tournage cin\u00e9ma &#8211; Shooting photo<\/h2>\n<p>Johanna De La Llave Ferreres organise et coordonne les prestations de coiffure pour divers \u00e9v\u00e9nements prestigieux, tels que les d\u00e9fil\u00e9s de mode, les spectacles et les tournages de cin\u00e9ma. Gr\u00e2ce \u00e0 son expertise et \u00e0 son exp\u00e9rience en tant que triple championne du monde de coiffure, elle est capable de concevoir et de r\u00e9aliser des coiffures cr\u00e9atives qui compl\u00e8tent parfaitement les visions artistiques des cr\u00e9ateurs de mode, des metteurs en sc\u00e8ne et des r\u00e9alisateurs.<\/p>\n<p>Son professionnalisme, son souci du d\u00e9tail et son sens artistique font de Johanna une alli\u00e9e pr\u00e9cieuse pour tous ces \u00e9v\u00e9nements, o\u00f9 chaque coiffure contribue \u00e0 cr\u00e9er une exp\u00e9rience visuelle m\u00e9morable et captivante.<\/p>\n<p>[\/et_pb_text][\/et_pb_column][\/et_pb_row][\/et_pb_section]<\/p>\n","protected":false},"excerpt":{"rendered":"<p>Coiffeuse Mariage : L\u2019excellence de la coiffure \u00e0 votre mariage Vous avez envie de vivre un mariage inoubliable ? Votre coiffure le sera avec Johanna De La Llave Ferreres, triple championne du monde de coiffure 2022.Une coiffeuse talentueuse pour r\u00e9aliser votre coiffure de mariage Faire confiance \u00e0 Johanna pour votre coiffure de mariage, c\u2019est choisir [&hellip;]<\/p>\n","protected":false},"author":1,"featured_media":0,"parent":0,"menu_order":0,"comment_status":"closed","ping_status":"closed","template":"","meta":{"_et_pb_use_builder":"on","_et_pb_old_content":"","_et_gb_content_width":"","footnotes":""},"class_list":["post-8","page","type-page","status-publish","hentry"],"jetpack_sharing_enabled":true,"_links":{"self":[{"href":"https:\/\/hairstylepodium.com\/index.php\/wp-json\/wp\/v2\/pages\/8","targetHints":{"allow":["GET"]}}],"collection":[{"href":"https:\/\/hairstylepodium.com\/index.php\/wp-json\/wp\/v2\/pages"}],"about":[{"href":"https:\/\/hairstylepodium.com\/index.php\/wp-json\/wp\/v2\/types\/page"}],"author":[{"embeddable":true,"href":"https:\/\/hairstylepodium.com\/index.php\/wp-json\/wp\/v2\/users\/1"}],"replies":[{"embeddable":true,"href":"https:\/\/hairstylepodium.com\/index.php\/wp-json\/wp\/v2\/comments?post=8"}],"version-history":[{"count":5,"href":"https:\/\/hairstylepodium.com\/index.php\/wp-json\/wp\/v2\/pages\/8\/revisions"}],"predecessor-version":[{"id":117,"href":"https:\/\/hairstylepodium.com\/index.php\/wp-json\/wp\/v2\/pages\/8\/revisions\/117"}],"wp:attachment":[{"href":"https:\/\/hairstylepodium.com\/index.php\/wp-json\/wp\/v2\/media?parent=8"}],"curies":[{"name":"wp","href":"https:\/\/api.w.org\/{rel}","templated":true}]}}